{"id":32,"date":"2020-01-17T15:27:57","date_gmt":"2020-01-17T15:27:57","guid":{"rendered":"https:\/\/demosites.io\/web-agency\/?page_id=31"},"modified":"2021-12-02T00:25:44","modified_gmt":"2021-12-02T00:25:44","slug":"kontakt","status":"publish","type":"page","link":"https:\/\/hempex.pl\/en\/kontakt\/","title":{"rendered":"Contact"},"content":{"rendered":"<div data-elementor-type=\"wp-page\" data-elementor-id=\"32\" class=\"elementor elementor-32\" data-elementor-settings=\"[]\">\n\t\t\t\t\t\t<div class=\"elementor-inner\">\n\t\t\t\t\t\t\t<div class=\"elementor-section-wrap\">\n\t\t\t\t\t\t\t<section class=\"elementor-section elementor-top-section elementor-element elementor-element-21f4f79 elementor-section-boxed elementor-section-height-default elementor-section-height-default\" data-id=\"21f4f79\" data-element_type=\"section\">\n\t\t\t\t\t\t<div class=\"elementor-container elementor-column-gap-default\">\n\t\t\t\t\t\t\t<div class=\"elementor-row\">\n\t\t\t\t\t<div class=\"elementor-column elementor-col-50 elementor-top-column elementor-element elementor-element-4c8cd5c\" data-id=\"4c8cd5c\" data-element_type=\"column\">\n\t\t\t<div class=\"elementor-column-wrap elementor-element-populated\">\n\t\t\t\t\t\t\t<div class=\"elementor-widget-wrap\">\n\t\t\t\t\t\t<div class=\"elementor-element elementor-element-281dc08 elementor-widget elementor-widget-heading\" data-id=\"281dc08\" data-element_type=\"widget\" data-widget_type=\"heading.default\">\n\t\t\t\t<div class=\"elementor-widget-container\">\n\t\t\t<h1 class=\"elementor-heading-title elementor-size-default\">Contact<\/h1>\t\t<\/div>\n\t\t\t\t<\/div>\n\t\t\t\t\t\t<\/div>\n\t\t\t\t\t<\/div>\n\t\t<\/div>\n\t\t\t\t<div class=\"elementor-column elementor-col-50 elementor-top-column elementor-element elementor-element-a8046f9\" data-id=\"a8046f9\" data-element_type=\"column\">\n\t\t\t<div class=\"elementor-column-wrap\">\n\t\t\t\t\t\t\t<div class=\"elementor-widget-wrap\">\n\t\t\t\t\t\t\t\t<\/div>\n\t\t\t\t\t<\/div>\n\t\t<\/div>\n\t\t\t\t\t\t\t\t<\/div>\n\t\t\t\t\t<\/div>\n\t\t<\/section>\n\t\t\t\t<section class=\"elementor-section elementor-top-section elementor-element elementor-element-2614052 elementor-section-boxed elementor-section-height-default elementor-section-height-default\" data-id=\"2614052\" data-element_type=\"section\" data-settings=\"{&quot;background_background&quot;:&quot;classic&quot;}\">\n\t\t\t\t\t\t<div class=\"elementor-container elementor-column-gap-default\">\n\t\t\t\t\t\t\t<div class=\"elementor-row\">\n\t\t\t\t\t<div class=\"elementor-column elementor-col-33 elementor-top-column elementor-element elementor-element-862965f\" data-id=\"862965f\" data-element_type=\"column\" data-settings=\"{&quot;background_background&quot;:&quot;classic&quot;}\">\n\t\t\t<div class=\"elementor-column-wrap elementor-element-populated\">\n\t\t\t\t\t\t\t<div class=\"elementor-widget-wrap\">\n\t\t\t\t\t\t<div class=\"elementor-element elementor-element-e1abe68 elementor-view-stacked elementor-shape-circle elementor-position-top elementor-vertical-align-top elementor-widget elementor-widget-icon-box\" data-id=\"e1abe68\" data-element_type=\"widget\" data-widget_type=\"icon-box.default\">\n\t\t\t\t<div class=\"elementor-widget-container\">\n\t\t\t\t\t<div class=\"elementor-icon-box-wrapper\">\n\t\t\t\t\t\t<div class=\"elementor-icon-box-icon\">\n\t\t\t\t<span class=\"elementor-icon elementor-animation-\" >\n\t\t\t\t<i aria-hidden=\"true\" class=\"fas fa-phone\"><\/i>\t\t\t\t<\/span>\n\t\t\t<\/div>\n\t\t\t\t\t\t<div class=\"elementor-icon-box-content\">\n\t\t\t\t<h3 class=\"elementor-icon-box-title\">\n\t\t\t\t\t<span  >\n\t\t\t\t\t\tCall us\t\t\t\t\t<\/span>\n\t\t\t\t<\/h3>\n\t\t\t\t\t\t\t\t\t<p class=\"elementor-icon-box-description\">\n\t\t\t\t\t\t+48 507-816-554 Piotr<br>+48 501-665-544 Dominik\t\t\t\t\t<\/p>\n\t\t\t\t\t\t\t<\/div>\n\t\t<\/div>\n\t\t\t\t<\/div>\n\t\t\t\t<\/div>\n\t\t\t\t\t\t<\/div>\n\t\t\t\t\t<\/div>\n\t\t<\/div>\n\t\t\t\t<div class=\"elementor-column elementor-col-33 elementor-top-column elementor-element elementor-element-5cd6fc7\" data-id=\"5cd6fc7\" data-element_type=\"column\" data-settings=\"{&quot;background_background&quot;:&quot;classic&quot;}\">\n\t\t\t<div class=\"elementor-column-wrap elementor-element-populated\">\n\t\t\t\t\t\t\t<div class=\"elementor-widget-wrap\">\n\t\t\t\t\t\t<div class=\"elementor-element elementor-element-98ffd64 elementor-view-stacked elementor-shape-circle elementor-position-top elementor-vertical-align-top elementor-widget elementor-widget-icon-box\" data-id=\"98ffd64\" data-element_type=\"widget\" data-widget_type=\"icon-box.default\">\n\t\t\t\t<div class=\"elementor-widget-container\">\n\t\t\t\t\t<div class=\"elementor-icon-box-wrapper\">\n\t\t\t\t\t\t<div class=\"elementor-icon-box-icon\">\n\t\t\t\t<span class=\"elementor-icon elementor-animation-\" >\n\t\t\t\t<i aria-hidden=\"true\" class=\"far fa-envelope\"><\/i>\t\t\t\t<\/span>\n\t\t\t<\/div>\n\t\t\t\t\t\t<div class=\"elementor-icon-box-content\">\n\t\t\t\t<h3 class=\"elementor-icon-box-title\">\n\t\t\t\t\t<span  >\n\t\t\t\t\t\tEmail\t\t\t\t\t<\/span>\n\t\t\t\t<\/h3>\n\t\t\t\t\t\t\t\t\t<p class=\"elementor-icon-box-description\">\n\t\t\t\t\t\tinfo@hempinvestment.pl\t\t\t\t\t<\/p>\n\t\t\t\t\t\t\t<\/div>\n\t\t<\/div>\n\t\t\t\t<\/div>\n\t\t\t\t<\/div>\n\t\t\t\t\t\t<\/div>\n\t\t\t\t\t<\/div>\n\t\t<\/div>\n\t\t\t\t<div class=\"elementor-column elementor-col-33 elementor-top-column elementor-element elementor-element-36492fe\" data-id=\"36492fe\" data-element_type=\"column\" data-settings=\"{&quot;background_background&quot;:&quot;classic&quot;}\">\n\t\t\t<div class=\"elementor-column-wrap elementor-element-populated\">\n\t\t\t\t\t\t\t<div class=\"elementor-widget-wrap\">\n\t\t\t\t\t\t<div class=\"elementor-element elementor-element-f211c0b elementor-view-stacked elementor-shape-circle elementor-position-top elementor-vertical-align-top elementor-widget elementor-widget-icon-box\" data-id=\"f211c0b\" data-element_type=\"widget\" data-widget_type=\"icon-box.default\">\n\t\t\t\t<div class=\"elementor-widget-container\">\n\t\t\t\t\t<div class=\"elementor-icon-box-wrapper\">\n\t\t\t\t\t\t<div class=\"elementor-icon-box-icon\">\n\t\t\t\t<span class=\"elementor-icon elementor-animation-\" >\n\t\t\t\t<i aria-hidden=\"true\" class=\"fas fa-map-marker-alt\"><\/i>\t\t\t\t<\/span>\n\t\t\t<\/div>\n\t\t\t\t\t\t<div class=\"elementor-icon-box-content\">\n\t\t\t\t<h3 class=\"elementor-icon-box-title\">\n\t\t\t\t\t<span  >\n\t\t\t\t\t\tOffice\t\t\t\t\t<\/span>\n\t\t\t\t<\/h3>\n\t\t\t\t\t\t\t\t\t<p class=\"elementor-icon-box-description\">\n\t\t\t\t\t\tHemp Investment Sp. z o.o.<br>Towarowa 20b, 10-417 Olsztyn<br>NIP: 952-121-15-20<br>REGON 012206206<br>Share capital: 100 tys. z\u0142\t\t\t\t\t<\/p>\n\t\t\t\t\t\t\t<\/div>\n\t\t<\/div>\n\t\t\t\t<\/div>\n\t\t\t\t<\/div>\n\t\t\t\t\t\t<\/div>\n\t\t\t\t\t<\/div>\n\t\t<\/div>\n\t\t\t\t\t\t\t\t<\/div>\n\t\t\t\t\t<\/div>\n\t\t<\/section>\n\t\t\t\t<section class=\"elementor-section elementor-top-section elementor-element elementor-element-5441218 elementor-section-boxed elementor-section-height-default elementor-section-height-default\" data-id=\"5441218\" data-element_type=\"section\" data-settings=\"{&quot;background_background&quot;:&quot;classic&quot;}\">\n\t\t\t\t\t\t<div class=\"elementor-container elementor-column-gap-default\">\n\t\t\t\t\t\t\t<div class=\"elementor-row\">\n\t\t\t\t\t<div class=\"elementor-column elementor-col-50 elementor-top-column elementor-element elementor-element-123d449\" data-id=\"123d449\" data-element_type=\"column\" data-settings=\"{&quot;background_background&quot;:&quot;classic&quot;}\">\n\t\t\t<div class=\"elementor-column-wrap elementor-element-populated\">\n\t\t\t\t\t\t\t<div class=\"elementor-widget-wrap\">\n\t\t\t\t\t\t<div class=\"elementor-element elementor-element-d25d733 elementor-widget elementor-widget-heading\" data-id=\"d25d733\" data-element_type=\"widget\" data-widget_type=\"heading.default\">\n\t\t\t\t<div class=\"elementor-widget-container\">\n\t\t\t<h2 class=\"elementor-heading-title elementor-size-default\">Are you interested in working with us?<br>Write to us!<\/h2>\t\t<\/div>\n\t\t\t\t<\/div>\n\t\t\t\t<div class=\"elementor-element elementor-element-8e28ce9 elementor-widget elementor-widget-text-editor\" data-id=\"8e28ce9\" data-element_type=\"widget\" data-widget_type=\"text-editor.default\">\n\t\t\t\t<div class=\"elementor-widget-container\">\n\t\t\t\t\t\t\t\t<div class=\"elementor-text-editor elementor-clearfix\">\n\t\t\t\t<p>We are open to any form of cooperation.<\/p>\t\t\t\t\t<\/div>\n\t\t\t\t\t\t<\/div>\n\t\t\t\t<\/div>\n\t\t\t\t\t\t<\/div>\n\t\t\t\t\t<\/div>\n\t\t<\/div>\n\t\t\t\t<div class=\"elementor-column elementor-col-50 elementor-top-column elementor-element elementor-element-b3387f2\" data-id=\"b3387f2\" data-element_type=\"column\">\n\t\t\t<div class=\"elementor-column-wrap elementor-element-populated\">\n\t\t\t\t\t\t\t<div class=\"elementor-widget-wrap\">\n\t\t\t\t\t\t<div class=\"elementor-element elementor-element-0292656 elementor-widget elementor-widget-content_form_contact\" data-id=\"0292656\" data-element_type=\"widget\" data-widget_type=\"content_form_contact.default\">\n\t\t\t\t<div class=\"elementor-widget-container\">\n\t\t\t<form action=\"https:\/\/hempex.pl\/wp-admin\/admin-post.php\" method=\"post\" name=\"content-form-0292656\" id=\"content-form-0292656\" class=\"ti-cf-module content-form content-form-contact content_form_contact\" data-trp-original-action=\"https:\/\/hempex.pl\/wp-admin\/admin-post.php\"><input type=\"hidden\" id=\"_wpnonce_contact\" name=\"_wpnonce_contact\" value=\"e32df4caed\" \/><input type=\"hidden\" name=\"_wp_http_referer\" value=\"\/en\/wp-json\/wp\/v2\/pages\/32\" \/><input type=\"hidden\" name=\"action\" value=\"content_form_submit\" \/><input type=\"hidden\" name=\"form-type\" value=\"contact\" \/><input type=\"hidden\" name=\"form-builder\" value=\"elementor\" \/><input type=\"hidden\" name=\"post-id\" value=\"32\" \/><input type=\"hidden\" name=\"form-id\" value=\"0292656\" \/><fieldset class=\"content-form-field-text elementor-column elementor-col-100\"><label for=\"data[0292656][name]\" >Name<span class=\"required-mark\"> *<\/span><\/label><input type=\"text\" name=\"data[0292656][name]\" id=\"data[0292656][name]\" required=\"required\"  placeholder=\"Nazwa\"><\/fieldset><fieldset class=\"content-form-field-email elementor-column elementor-col-100\"><label for=\"data[0292656][email]\" >Email<span class=\"required-mark\"> *<\/span><\/label><input type=\"text\" name=\"data[0292656][email]\" id=\"data[0292656][email]\" required=\"required\"  placeholder=\"Adres Email\"><\/fieldset><fieldset class=\"content-form-field-textarea elementor-column elementor-col-100\"><label for=\"data[0292656][message]\" >Message<span class=\"required-mark\"> *<\/span><\/label><textarea name=\"data[0292656][message]\" id=\"data[0292656][message]\"  required=\"required\" placeholder=\"Twoja wiadomo\u015b\u0107...\" cols=\"30\" rows=\"5\"><\/textarea><\/fieldset><fieldset class=\"submit-form contact\"><button type=\"submit\" name=\"submit\"  value=\"submit-contact-0292656\" class=\"\">Wy\u015blij wiadomo\u015b\u0107<\/button><\/fieldset><input type=\"hidden\" name=\"trp-form-language\" value=\"en\"\/><\/form>\t\t<\/div>\n\t\t\t\t<\/div>\n\t\t\t\t\t\t<\/div>\n\t\t\t\t\t<\/div>\n\t\t<\/div>\n\t\t\t\t\t\t\t\t<\/div>\n\t\t\t\t\t<\/div>\n\t\t<\/section>\n\t\t\t\t\t\t<\/div>\n\t\t\t\t\t\t<\/div>\n\t\t\t\t\t<\/div>","protected":false},"excerpt":{"rendered":"<p>Kontakt Zadzwo\u0144 do nas +48 507-816-554 Piotr +48 501-665-544 Dominik Email info@hempinvestment.pl Biuro Hemp Investment Sp. z o.o. Towarowa 20b, 10-417 Olsztyn NIP: 952-121-15-20 REGON 012206206 Kapita\u0142 zak\u0142adowy: 100 tys. z\u0142. Jeste\u015b zainteresowany wsp\u00f3\u0142prac\u0105? Napisz do nas! Jeste\u015bmy otwarci na wszystkie formy wsp\u00f3\u0142pracy. Imi\u0119 \/ Nazwa * Email * Wiadomo\u015b\u0107 * Wy\u015blij wiadomo\u015b\u0107<\/p>","protected":false},"author":1,"featured_media":0,"parent":0,"menu_order":0,"comment_status":"closed","ping_status":"closed","template":"elementor_header_footer","meta":[],"yoast_head":"<!-- This site is optimized with the Yoast SEO plugin v17.7.1 - https:\/\/yoast.com\/wordpress\/plugins\/seo\/ -->\n<title>Kontakt - Hemp Investment - Do\u0142\u0105cz do zielonej rewolucji!<\/title>\n<meta name=\"description\" content=\"Sprzeda\u017c hurtowa suszy CBD i CBG, produkt\u00f3w i wyrob\u00f3w konopnych, urz\u0105dze\u0144 i akcesori\u00f3w dla palaczy, a tak\u017ce realizacja us\u0142ug marketingowych\" \/>\n<meta name=\"robots\" content=\"index, follow, max-snippet:-1, max-image-preview:large, max-video-preview:-1\" \/>\n<link rel=\"canonical\" href=\"https:\/\/hempex.pl\/en\/kontakt\/\" \/>\n<meta property=\"og:locale\" content=\"en_US\" \/>\n<meta property=\"og:type\" content=\"article\" \/>\n<meta property=\"og:title\" content=\"Kontakt - Hemp Investment - Do\u0142\u0105cz do zielonej rewolucji!\" \/>\n<meta property=\"og:description\" content=\"Sprzeda\u017c hurtowa suszy CBD i CBG, produkt\u00f3w i wyrob\u00f3w konopnych, urz\u0105dze\u0144 i akcesori\u00f3w dla palaczy, a tak\u017ce realizacja us\u0142ug marketingowych\" \/>\n<meta property=\"og:url\" content=\"https:\/\/hempex.pl\/en\/kontakt\/\" \/>\n<meta property=\"og:site_name\" content=\"Hemp Investment\" \/>\n<meta property=\"article:modified_time\" content=\"2021-12-02T00:25:44+00:00\" \/>\n<meta name=\"twitter:card\" content=\"summary_large_image\" \/>\n<meta name=\"twitter:label1\" content=\"Est. reading time\" \/>\n\t<meta name=\"twitter:data1\" content=\"1 minute\" \/>\n<script type=\"application\/ld+json\" class=\"yoast-schema-graph\">{\"@context\":\"https:\/\/schema.org\",\"@graph\":[{\"@type\":\"WebSite\",\"@id\":\"https:\/\/hempex.pl\/#website\",\"url\":\"https:\/\/hempex.pl\/\",\"name\":\"Hemp Investment\",\"description\":\"Hurtownia konopna\",\"potentialAction\":[{\"@type\":\"SearchAction\",\"target\":{\"@type\":\"EntryPoint\",\"urlTemplate\":\"https:\/\/hempex.pl\/?s={search_term_string}\"},\"query-input\":\"required name=search_term_string\"}],\"inLanguage\":\"en-US\"},{\"@type\":\"WebPage\",\"@id\":\"https:\/\/hempex.pl\/kontakt\/#webpage\",\"url\":\"https:\/\/hempex.pl\/kontakt\/\",\"name\":\"Kontakt - Hemp Investment - Do\\u0142\\u0105cz do zielonej rewolucji!\",\"isPartOf\":{\"@id\":\"https:\/\/hempex.pl\/#website\"},\"datePublished\":\"2020-01-17T15:27:57+00:00\",\"dateModified\":\"2021-12-02T00:25:44+00:00\",\"description\":\"Sprzeda\\u017c hurtowa suszy CBD i CBG, produkt\\u00f3w i wyrob\\u00f3w konopnych, urz\\u0105dze\\u0144 i akcesori\\u00f3w dla palaczy, a tak\\u017ce realizacja us\\u0142ug marketingowych\",\"breadcrumb\":{\"@id\":\"https:\/\/hempex.pl\/kontakt\/#breadcrumb\"},\"inLanguage\":\"en-US\",\"potentialAction\":[{\"@type\":\"ReadAction\",\"target\":[\"https:\/\/hempex.pl\/kontakt\/\"]}]},{\"@type\":\"BreadcrumbList\",\"@id\":\"https:\/\/hempex.pl\/kontakt\/#breadcrumb\",\"itemListElement\":[{\"@type\":\"ListItem\",\"position\":1,\"name\":\"Strona g\\u0142\\u00f3wna\",\"item\":\"https:\/\/hempex.pl\/\"},{\"@type\":\"ListItem\",\"position\":2,\"name\":\"Kontakt\"}]}]}<\/script>\n<!-- \/ Yoast SEO plugin. -->","yoast_head_json":{"title":"Kontakt - Hemp Investment - Do\u0142\u0105cz do zielonej rewolucji!","description":"Sprzeda\u017c hurtowa suszy CBD i CBG, produkt\u00f3w i wyrob\u00f3w konopnych, urz\u0105dze\u0144 i akcesori\u00f3w dla palaczy, a tak\u017ce realizacja us\u0142ug marketingowych","robots":{"index":"index","follow":"follow","max-snippet":"max-snippet:-1","max-image-preview":"max-image-preview:large","max-video-preview":"max-video-preview:-1"},"canonical":"https:\/\/hempex.pl\/en\/kontakt\/","og_locale":"en_US","og_type":"article","og_title":"Kontakt - Hemp Investment - Do\u0142\u0105cz do zielonej rewolucji!","og_description":"Sprzeda\u017c hurtowa suszy CBD i CBG, produkt\u00f3w i wyrob\u00f3w konopnych, urz\u0105dze\u0144 i akcesori\u00f3w dla palaczy, a tak\u017ce realizacja us\u0142ug marketingowych","og_url":"https:\/\/hempex.pl\/en\/kontakt\/","og_site_name":"Hemp Investment","article_modified_time":"2021-12-02T00:25:44+00:00","twitter_card":"summary_large_image","twitter_misc":{"Est. reading time":"1 minute"},"schema":{"@context":"https:\/\/schema.org","@graph":[{"@type":"WebSite","@id":"https:\/\/hempex.pl\/#website","url":"https:\/\/hempex.pl\/","name":"Hemp Investment","description":"Hurtownia konopna","potentialAction":[{"@type":"SearchAction","target":{"@type":"EntryPoint","urlTemplate":"https:\/\/hempex.pl\/?s={search_term_string}"},"query-input":"required name=search_term_string"}],"inLanguage":"en-US"},{"@type":"WebPage","@id":"https:\/\/hempex.pl\/kontakt\/#webpage","url":"https:\/\/hempex.pl\/kontakt\/","name":"Kontakt - Hemp Investment - Do\u0142\u0105cz do zielonej rewolucji!","isPartOf":{"@id":"https:\/\/hempex.pl\/#website"},"datePublished":"2020-01-17T15:27:57+00:00","dateModified":"2021-12-02T00:25:44+00:00","description":"Sprzeda\u017c hurtowa suszy CBD i CBG, produkt\u00f3w i wyrob\u00f3w konopnych, urz\u0105dze\u0144 i akcesori\u00f3w dla palaczy, a tak\u017ce realizacja us\u0142ug marketingowych","breadcrumb":{"@id":"https:\/\/hempex.pl\/kontakt\/#breadcrumb"},"inLanguage":"en-US","potentialAction":[{"@type":"ReadAction","target":["https:\/\/hempex.pl\/kontakt\/"]}]},{"@type":"BreadcrumbList","@id":"https:\/\/hempex.pl\/kontakt\/#breadcrumb","itemListElement":[{"@type":"ListItem","position":1,"name":"Strona g\u0142\u00f3wna","item":"https:\/\/hempex.pl\/"},{"@type":"ListItem","position":2,"name":"Kontakt"}]}]}},"_links":{"self":[{"href":"https:\/\/hempex.pl\/en\/wp-json\/wp\/v2\/pages\/32"}],"collection":[{"href":"https:\/\/hempex.pl\/en\/wp-json\/wp\/v2\/pages"}],"about":[{"href":"https:\/\/hempex.pl\/en\/wp-json\/wp\/v2\/types\/page"}],"author":[{"embeddable":true,"href":"https:\/\/hempex.pl\/en\/wp-json\/wp\/v2\/users\/1"}],"replies":[{"embeddable":true,"href":"https:\/\/hempex.pl\/en\/wp-json\/wp\/v2\/comments?post=32"}],"version-history":[{"count":11,"href":"https:\/\/hempex.pl\/en\/wp-json\/wp\/v2\/pages\/32\/revisions"}],"predecessor-version":[{"id":271,"href":"https:\/\/hempex.pl\/en\/wp-json\/wp\/v2\/pages\/32\/revisions\/271"}],"wp:attachment":[{"href":"https:\/\/hempex.pl\/en\/wp-json\/wp\/v2\/media?parent=32"}],"curies":[{"name":"wp","href":"https:\/\/api.w.org\/{rel}","templated":true}]}}