{"id":28,"date":"2020-01-17T15:26:04","date_gmt":"2020-01-17T15:26:04","guid":{"rendered":"https:\/\/demosites.io\/web-agency\/?page_id=28"},"modified":"2021-12-02T00:26:23","modified_gmt":"2021-12-02T00:26:23","slug":"o-nas","status":"publish","type":"page","link":"https:\/\/hempex.pl\/en\/o-nas\/","title":{"rendered":"About"},"content":{"rendered":"<div data-elementor-type=\"wp-page\" data-elementor-id=\"28\" class=\"elementor elementor-28\" data-elementor-settings=\"[]\">\n\t\t\t\t\t\t<div class=\"elementor-inner\">\n\t\t\t\t\t\t\t<div class=\"elementor-section-wrap\">\n\t\t\t\t\t\t\t<section class=\"elementor-section elementor-top-section elementor-element elementor-element-d58ea62 elementor-section-boxed elementor-section-height-default elementor-section-height-default\" data-id=\"d58ea62\" data-element_type=\"section\">\n\t\t\t\t\t\t<div class=\"elementor-container elementor-column-gap-default\">\n\t\t\t\t\t\t\t<div class=\"elementor-row\">\n\t\t\t\t\t<div class=\"elementor-column elementor-col-50 elementor-top-column elementor-element elementor-element-978314f\" data-id=\"978314f\" data-element_type=\"column\">\n\t\t\t<div class=\"elementor-column-wrap elementor-element-populated\">\n\t\t\t\t\t\t\t<div class=\"elementor-widget-wrap\">\n\t\t\t\t\t\t<div class=\"elementor-element elementor-element-fe4411c elementor-widget elementor-widget-heading\" data-id=\"fe4411c\" data-element_type=\"widget\" data-widget_type=\"heading.default\">\n\t\t\t\t<div class=\"elementor-widget-container\">\n\t\t\t<h1 class=\"elementor-heading-title elementor-size-default\">About<\/h1>\t\t<\/div>\n\t\t\t\t<\/div>\n\t\t\t\t\t\t<\/div>\n\t\t\t\t\t<\/div>\n\t\t<\/div>\n\t\t\t\t<div class=\"elementor-column elementor-col-50 elementor-top-column elementor-element elementor-element-794c29e\" data-id=\"794c29e\" data-element_type=\"column\">\n\t\t\t<div class=\"elementor-column-wrap\">\n\t\t\t\t\t\t\t<div class=\"elementor-widget-wrap\">\n\t\t\t\t\t\t\t\t<\/div>\n\t\t\t\t\t<\/div>\n\t\t<\/div>\n\t\t\t\t\t\t\t\t<\/div>\n\t\t\t\t\t<\/div>\n\t\t<\/section>\n\t\t\t\t<section class=\"elementor-section elementor-top-section elementor-element elementor-element-4289a2a elementor-section-boxed elementor-section-height-default elementor-section-height-default\" data-id=\"4289a2a\" data-element_type=\"section\" data-settings=\"{&quot;background_background&quot;:&quot;classic&quot;}\">\n\t\t\t\t\t\t<div class=\"elementor-container elementor-column-gap-default\">\n\t\t\t\t\t\t\t<div class=\"elementor-row\">\n\t\t\t\t\t<div class=\"elementor-column elementor-col-50 elementor-top-column elementor-element elementor-element-180b719\" data-id=\"180b719\" data-element_type=\"column\">\n\t\t\t<div class=\"elementor-column-wrap elementor-element-populated\">\n\t\t\t\t\t\t\t<div class=\"elementor-widget-wrap\">\n\t\t\t\t\t\t<div class=\"elementor-element elementor-element-9c76e5e elementor-widget elementor-widget-image\" data-id=\"9c76e5e\" data-element_type=\"widget\" data-widget_type=\"image.default\">\n\t\t\t\t<div class=\"elementor-widget-container\">\n\t\t\t\t\t\t\t\t<div class=\"elementor-image\">\n\t\t\t\t\t\t\t\t\t\t\t\t<img width=\"1024\" height=\"1024\" src=\"https:\/\/hempex.pl\/wp-content\/uploads\/2021\/10\/pole-1024x1024.jpg\" class=\"attachment-large size-large\" alt=\"\" loading=\"lazy\" srcset=\"https:\/\/hempex.pl\/wp-content\/uploads\/2021\/10\/pole.jpg 1024w, https:\/\/hempex.pl\/wp-content\/uploads\/2021\/10\/pole-300x300.jpg 300w, https:\/\/hempex.pl\/wp-content\/uploads\/2021\/10\/pole-150x150.jpg 150w, https:\/\/hempex.pl\/wp-content\/uploads\/2021\/10\/pole-768x768.jpg 768w\" sizes=\"(max-width: 1024px) 100vw, 1024px\" \/>\t\t\t\t\t\t\t\t\t\t\t\t\t\t<\/div>\n\t\t\t\t\t\t<\/div>\n\t\t\t\t<\/div>\n\t\t\t\t\t\t<\/div>\n\t\t\t\t\t<\/div>\n\t\t<\/div>\n\t\t\t\t<div class=\"elementor-column elementor-col-50 elementor-top-column elementor-element elementor-element-b10cbf9\" data-id=\"b10cbf9\" data-element_type=\"column\">\n\t\t\t<div class=\"elementor-column-wrap elementor-element-populated\">\n\t\t\t\t\t\t\t<div class=\"elementor-widget-wrap\">\n\t\t\t\t\t\t<div class=\"elementor-element elementor-element-291533d elementor-widget elementor-widget-heading\" data-id=\"291533d\" data-element_type=\"widget\" data-widget_type=\"heading.default\">\n\t\t\t\t<div class=\"elementor-widget-container\">\n\t\t\t<h2 class=\"elementor-heading-title elementor-size-default\">Who are we?<\/h2>\t\t<\/div>\n\t\t\t\t<\/div>\n\t\t\t\t<div class=\"elementor-element elementor-element-e479d2f elementor-widget elementor-widget-text-editor\" data-id=\"e479d2f\" data-element_type=\"widget\" data-widget_type=\"text-editor.default\">\n\t\t\t\t<div class=\"elementor-widget-container\">\n\t\t\t\t\t\t\t\t<div class=\"elementor-text-editor elementor-clearfix\">\n\t\t\t\t<h5 dir=\"ltr\"><strong>Hemp Investment<\/strong> is a company with 100% Polish capital. We create a green revolution and encourage everyone to be part of it.\u00a0<\/h5><h5><b>We are<\/b><span style=\"font-weight: normal;\">\u00a0a group of enthusiasts who are fascinated with cannabis.<\/span><span style=\"font-weight: normal;\">We love and we take care of them to the full extent!<\/span><span style=\"font-weight: normal;\">\u00a0It is a plant with unlimited application possibilities, covering <a href=\"http:\/\/m.in\"><span style=\"color: #dca10d;\">f.e.<\/span><\/a>bio pharmaceuticals, textile fibers, composite materials and many, many more!<br \/><\/span><\/h5><h5><span style=\"font-weight: normal;\">We believe in responsible environmental management.\u00a0<\/span><span style=\"font-weight: normal;\">Our mission is to create a life in harmony with nature, based on mutual respect.<\/span><\/h5><h5><span style=\"font-weight: normal;\">You can call us by name - and if you like - join ours revolution!<strong> zielonej rewolucji!<\/strong><\/span><\/h5>\t\t\t\t\t<\/div>\n\t\t\t\t\t\t<\/div>\n\t\t\t\t<\/div>\n\t\t\t\t<div class=\"elementor-element elementor-element-5e04df4 elementor-widget elementor-widget-text-editor\" data-id=\"5e04df4\" data-element_type=\"widget\" data-widget_type=\"text-editor.default\">\n\t\t\t\t<div class=\"elementor-widget-container\">\n\t\t\t\t\t\t\t\t<div class=\"elementor-text-editor elementor-clearfix\">\n\t\t\t\t\t\t\t\t\t<\/div>\n\t\t\t\t\t\t<\/div>\n\t\t\t\t<\/div>\n\t\t\t\t\t\t<\/div>\n\t\t\t\t\t<\/div>\n\t\t<\/div>\n\t\t\t\t\t\t\t\t<\/div>\n\t\t\t\t\t<\/div>\n\t\t<\/section>\n\t\t\t\t<section class=\"elementor-section elementor-top-section elementor-element elementor-element-3ba47cd elementor-section-boxed elementor-section-height-default elementor-section-height-default\" data-id=\"3ba47cd\" data-element_type=\"section\" data-settings=\"{&quot;background_background&quot;:&quot;classic&quot;}\">\n\t\t\t\t\t\t<div class=\"elementor-container elementor-column-gap-default\">\n\t\t\t\t\t\t\t<div class=\"elementor-row\">\n\t\t\t\t\t<div class=\"elementor-column elementor-col-50 elementor-top-column elementor-element elementor-element-1d6aef9\" data-id=\"1d6aef9\" data-element_type=\"column\">\n\t\t\t<div class=\"elementor-column-wrap elementor-element-populated\">\n\t\t\t\t\t\t\t<div class=\"elementor-widget-wrap\">\n\t\t\t\t\t\t<div class=\"elementor-element elementor-element-6a6214e elementor-widget elementor-widget-heading\" data-id=\"6a6214e\" data-element_type=\"widget\" data-widget_type=\"heading.default\">\n\t\t\t\t<div class=\"elementor-widget-container\">\n\t\t\t<h3 class=\"elementor-heading-title elementor-size-default\">How are we different?<\/h3>\t\t<\/div>\n\t\t\t\t<\/div>\n\t\t\t\t<div class=\"elementor-element elementor-element-5a86f5a elementor-widget elementor-widget-text-editor\" data-id=\"5a86f5a\" data-element_type=\"widget\" data-widget_type=\"text-editor.default\">\n\t\t\t\t<div class=\"elementor-widget-container\">\n\t\t\t\t\t\t\t\t<div class=\"elementor-text-editor elementor-clearfix\">\n\t\t\t\t<p>Sp\u00f3\u0142ka Hemp Investment zosta\u0142a za\u0142o\u017cona w 1996 roku. Kontynuacja rodzinnej tradycji utwierdzi\u0142a nas w przekonaniu, \u017ce warto\u015bci takie jak rodzina, tradycja i wzajemny szacunek stanowi\u0105 podstaw\u0119 harmonijnego \u015bwiata i stanowi\u0105 fundamenty naszego dzia\u0142ania.<\/p>\t\t\t\t\t<\/div>\n\t\t\t\t\t\t<\/div>\n\t\t\t\t<\/div>\n\t\t\t\t<div class=\"elementor-element elementor-element-7bf2068 elementor-mobile-align-justify elementor-widget elementor-widget-button\" data-id=\"7bf2068\" data-element_type=\"widget\" data-widget_type=\"button.default\">\n\t\t\t\t<div class=\"elementor-widget-container\">\n\t\t\t\t\t<div class=\"elementor-button-wrapper\">\n\t\t\t<a href=\"https:\/\/hempex.pl\/en\/kontakt\/\" class=\"elementor-button-link elementor-button elementor-size-md\" role=\"button\">\n\t\t\t\t\t\t<span class=\"elementor-button-content-wrapper\">\n\t\t\t\t\t\t<span class=\"elementor-button-text\">Contact<\/span>\n\t\t<\/span>\n\t\t\t\t\t<\/a>\n\t\t<\/div>\n\t\t\t\t<\/div>\n\t\t\t\t<\/div>\n\t\t\t\t\t\t<\/div>\n\t\t\t\t\t<\/div>\n\t\t<\/div>\n\t\t\t\t<div class=\"elementor-column elementor-col-50 elementor-top-column elementor-element elementor-element-0666b8c\" data-id=\"0666b8c\" data-element_type=\"column\">\n\t\t\t<div class=\"elementor-column-wrap elementor-element-populated\">\n\t\t\t\t\t\t\t<div class=\"elementor-widget-wrap\">\n\t\t\t\t\t\t<div class=\"elementor-element elementor-element-8c20997 elementor-widget elementor-widget-image\" data-id=\"8c20997\" data-element_type=\"widget\" data-widget_type=\"image.default\">\n\t\t\t\t<div class=\"elementor-widget-container\">\n\t\t\t\t\t\t\t\t<div class=\"elementor-image\">\n\t\t\t\t\t\t\t\t\t\t\t\t<img width=\"1024\" height=\"511\" src=\"https:\/\/hempex.pl\/wp-content\/uploads\/2020\/05\/pole.jpg\" class=\"attachment-large size-large\" alt=\"\" loading=\"lazy\" \/>\t\t\t\t\t\t\t\t\t\t\t\t\t\t<\/div>\n\t\t\t\t\t\t<\/div>\n\t\t\t\t<\/div>\n\t\t\t\t\t\t<\/div>\n\t\t\t\t\t<\/div>\n\t\t<\/div>\n\t\t\t\t\t\t\t\t<\/div>\n\t\t\t\t\t<\/div>\n\t\t<\/section>\n\t\t\t\t<section class=\"elementor-section elementor-top-section elementor-element elementor-element-834445e elementor-section-boxed elementor-section-height-default elementor-section-height-default\" data-id=\"834445e\" data-element_type=\"section\">\n\t\t\t\t\t\t<div class=\"elementor-container elementor-column-gap-default\">\n\t\t\t\t\t\t\t<div class=\"elementor-row\">\n\t\t\t\t\t<div class=\"elementor-column elementor-col-33 elementor-top-column elementor-element elementor-element-b6760f2\" data-id=\"b6760f2\" data-element_type=\"column\">\n\t\t\t<div class=\"elementor-column-wrap elementor-element-populated\">\n\t\t\t\t\t\t\t<div class=\"elementor-widget-wrap\">\n\t\t\t\t\t\t<div class=\"elementor-element elementor-element-85a8e33 elementor-position-left elementor-view-default elementor-vertical-align-top elementor-widget elementor-widget-icon-box\" data-id=\"85a8e33\" data-element_type=\"widget\" data-widget_type=\"icon-box.default\">\n\t\t\t\t<div class=\"elementor-widget-container\">\n\t\t\t\t\t<div class=\"elementor-icon-box-wrapper\">\n\t\t\t\t\t\t<div class=\"elementor-icon-box-icon\">\n\t\t\t\t<span class=\"elementor-icon elementor-animation-\" >\n\t\t\t\t<i aria-hidden=\"true\" class=\"fas fa-check\"><\/i>\t\t\t\t<\/span>\n\t\t\t<\/div>\n\t\t\t\t\t\t<div class=\"elementor-icon-box-content\">\n\t\t\t\t<h3 class=\"elementor-icon-box-title\">\n\t\t\t\t\t<span  >\n\t\t\t\t\t\tEcology\t\t\t\t\t<\/span>\n\t\t\t\t<\/h3>\n\t\t\t\t\t\t\t\t\t<p class=\"elementor-icon-box-description\">\n\t\t\t\t\t\tZwracamy uwag\u0119 aby ka\u017cde dzia\u0142anie by\u0142o podejmowane w harmonii z natur\u0105.\t\t\t\t\t<\/p>\n\t\t\t\t\t\t\t<\/div>\n\t\t<\/div>\n\t\t\t\t<\/div>\n\t\t\t\t<\/div>\n\t\t\t\t\t\t<\/div>\n\t\t\t\t\t<\/div>\n\t\t<\/div>\n\t\t\t\t<div class=\"elementor-column elementor-col-33 elementor-top-column elementor-element elementor-element-65d464a\" data-id=\"65d464a\" data-element_type=\"column\">\n\t\t\t<div class=\"elementor-column-wrap elementor-element-populated\">\n\t\t\t\t\t\t\t<div class=\"elementor-widget-wrap\">\n\t\t\t\t\t\t<div class=\"elementor-element elementor-element-e919e41 elementor-position-left elementor-view-default elementor-vertical-align-top elementor-widget elementor-widget-icon-box\" data-id=\"e919e41\" data-element_type=\"widget\" data-widget_type=\"icon-box.default\">\n\t\t\t\t<div class=\"elementor-widget-container\">\n\t\t\t\t\t<div class=\"elementor-icon-box-wrapper\">\n\t\t\t\t\t\t<div class=\"elementor-icon-box-icon\">\n\t\t\t\t<span class=\"elementor-icon elementor-animation-\" >\n\t\t\t\t<i aria-hidden=\"true\" class=\"fas fa-check\"><\/i>\t\t\t\t<\/span>\n\t\t\t<\/div>\n\t\t\t\t\t\t<div class=\"elementor-icon-box-content\">\n\t\t\t\t<h3 class=\"elementor-icon-box-title\">\n\t\t\t\t\t<span  >\n\t\t\t\t\t\tRespect\t\t\t\t\t<\/span>\n\t\t\t\t<\/h3>\n\t\t\t\t\t\t\t\t\t<p class=\"elementor-icon-box-description\">\n\t\t\t\t\t\tAt Hemp Investment, we create a team based on respect and trust. We are proud to call ourselves family.\t\t\t\t\t<\/p>\n\t\t\t\t\t\t\t<\/div>\n\t\t<\/div>\n\t\t\t\t<\/div>\n\t\t\t\t<\/div>\n\t\t\t\t\t\t<\/div>\n\t\t\t\t\t<\/div>\n\t\t<\/div>\n\t\t\t\t<div class=\"elementor-column elementor-col-33 elementor-top-column elementor-element elementor-element-fc1d2b8\" data-id=\"fc1d2b8\" data-element_type=\"column\">\n\t\t\t<div class=\"elementor-column-wrap elementor-element-populated\">\n\t\t\t\t\t\t\t<div class=\"elementor-widget-wrap\">\n\t\t\t\t\t\t<div class=\"elementor-element elementor-element-cda6012 elementor-position-left elementor-view-default elementor-vertical-align-top elementor-widget elementor-widget-icon-box\" data-id=\"cda6012\" data-element_type=\"widget\" data-widget_type=\"icon-box.default\">\n\t\t\t\t<div class=\"elementor-widget-container\">\n\t\t\t\t\t<div class=\"elementor-icon-box-wrapper\">\n\t\t\t\t\t\t<div class=\"elementor-icon-box-icon\">\n\t\t\t\t<span class=\"elementor-icon elementor-animation-\" >\n\t\t\t\t<i aria-hidden=\"true\" class=\"fas fa-check\"><\/i>\t\t\t\t<\/span>\n\t\t\t<\/div>\n\t\t\t\t\t\t<div class=\"elementor-icon-box-content\">\n\t\t\t\t<h3 class=\"elementor-icon-box-title\">\n\t\t\t\t\t<span  >\n\t\t\t\t\t\tTradition\t\t\t\t\t<\/span>\n\t\t\t\t<\/h3>\n\t\t\t\t\t\t\t\t\t<p class=\"elementor-icon-box-description\">\n\t\t\t\t\t\tWe care about history and the older generation. It is a source of knowledge and life values for us.\t\t\t\t\t<\/p>\n\t\t\t\t\t\t\t<\/div>\n\t\t<\/div>\n\t\t\t\t<\/div>\n\t\t\t\t<\/div>\n\t\t\t\t\t\t<\/div>\n\t\t\t\t\t<\/div>\n\t\t<\/div>\n\t\t\t\t\t\t\t\t<\/div>\n\t\t\t\t\t<\/div>\n\t\t<\/section>\n\t\t\t\t<section class=\"elementor-section elementor-top-section elementor-element elementor-element-b1508fd elementor-section-boxed elementor-section-height-default elementor-section-height-default\" data-id=\"b1508fd\" data-element_type=\"section\">\n\t\t\t\t\t\t<div class=\"elementor-container elementor-column-gap-default\">\n\t\t\t\t\t\t\t<div class=\"elementor-row\">\n\t\t\t\t\t<div class=\"elementor-column elementor-col-100 elementor-top-column elementor-element elementor-element-501d4d7\" data-id=\"501d4d7\" data-element_type=\"column\">\n\t\t\t<div class=\"elementor-column-wrap elementor-element-populated\">\n\t\t\t\t\t\t\t<div class=\"elementor-widget-wrap\">\n\t\t\t\t\t\t<div class=\"elementor-element elementor-element-aba1ab9 elementor-widget elementor-widget-text-editor\" data-id=\"aba1ab9\" data-element_type=\"widget\" data-widget_type=\"text-editor.default\">\n\t\t\t\t<div class=\"elementor-widget-container\">\n\t\t\t\t\t\t\t\t<div class=\"elementor-text-editor elementor-clearfix\">\n\t\t\t\t<p style=\"text-align: start;\"><span style=\"font-size: 14.399999618530273px; text-align: center; white-space: pre-wrap;\">Company details:<\/span><\/p><p style=\"text-align: start;\"><strong><span style=\"font-size: 14.399999618530273px; text-align: center; white-space: pre-wrap;\">Hemp Investment Sp. z o.o.<\/span><\/strong><\/p><p><span style=\"font-size: 14.399999618530273px; text-align: center; white-space: pre-wrap;\">Towarowa 20b, 10-417 Olsztyn<\/span><br style=\"font-size: 14.399999618530273px; text-align: center; white-space: pre-wrap;\" \/><span style=\"font-size: 14.399999618530273px; text-align: center; white-space: pre-wrap;\">NIP: 952-121-25-20<\/span><br style=\"font-size: 14.399999618530273px; text-align: center; white-space: pre-wrap;\" \/><span style=\"font-size: 14.399999618530273px; text-align: center; white-space: pre-wrap;\">REGON 012206206<\/span><\/p><p><span style=\"font-size: 14.399999618530273px; text-align: center; white-space: pre-wrap;\">Share capital: 100 tys. z\u0142<\/span><\/p>\t\t\t\t\t<\/div>\n\t\t\t\t\t\t<\/div>\n\t\t\t\t<\/div>\n\t\t\t\t\t\t<\/div>\n\t\t\t\t\t<\/div>\n\t\t<\/div>\n\t\t\t\t\t\t\t\t<\/div>\n\t\t\t\t\t<\/div>\n\t\t<\/section>\n\t\t\t\t\t\t<\/div>\n\t\t\t\t\t\t<\/div>\n\t\t\t\t\t<\/div>","protected":false},"excerpt":{"rendered":"<p>O nas Kim jeste\u015bmy? Hemp Investment czyli sp\u00f3\u0142k\u0105 ze 100% polskim kapita\u0142em. Tworzymy zielon\u0105 rewolucj\u0119 i zach\u0119camy wszystkich, aby stali si\u0119 jej cz\u0119\u015bci\u0105.&nbsp; Jeste\u015bmy&nbsp;grup\u0105 przyjaci\u00f3\u0142, kt\u00f3rzy zafascynowali si\u0119 konopiami. Kochamy i zajmujemy si\u0119 nimi w pe\u0142nym zakresie!&nbsp;Jest to ro\u015blina o nieograniczonych mo\u017cliwo\u015bciach zastosowania, obejmuj\u0105ca m.in. bio farmaceutyk\u0119, w\u0142\u00f3kna tekstylne, materia\u0142y kompozytowe i wiele, wiele innych!&hellip;&nbsp;<a href=\"https:\/\/hempex.pl\/en\/o-nas\/\" class=\"\" rel=\"bookmark\">Read More &raquo;<span class=\"screen-reader-text\">About<\/span><\/a><\/p>","protected":false},"author":1,"featured_media":0,"parent":0,"menu_order":0,"comment_status":"closed","ping_status":"closed","template":"elementor_header_footer","meta":[],"yoast_head":"<!-- This site is optimized with the Yoast SEO plugin v17.7.1 - https:\/\/yoast.com\/wordpress\/plugins\/seo\/ -->\n<title>O firmie - Hemp Investment - Do\u0142\u0105cz do zielonej rewolucji!<\/title>\n<meta name=\"description\" content=\"Hurtownia produkt\u00f3w konopnych i akcesori\u00f3w papiero\u015bniczych. Rozwijamy marki na rynku w Polsce i za granic\u0105. Masz pomys\u0142? Zg\u0142o\u015b si\u0119 do nas!\" \/>\n<meta name=\"robots\" content=\"index, follow, max-snippet:-1, max-image-preview:large, max-video-preview:-1\" \/>\n<link rel=\"canonical\" href=\"https:\/\/hempex.pl\/en\/o-nas\/\" \/>\n<meta property=\"og:locale\" content=\"en_US\" \/>\n<meta property=\"og:type\" content=\"article\" \/>\n<meta property=\"og:title\" content=\"O firmie - Hemp Investment - Do\u0142\u0105cz do zielonej rewolucji!\" \/>\n<meta property=\"og:description\" content=\"Hurtownia produkt\u00f3w konopnych i akcesori\u00f3w papiero\u015bniczych. Rozwijamy marki na rynku w Polsce i za granic\u0105. Masz pomys\u0142? Zg\u0142o\u015b si\u0119 do nas!\" \/>\n<meta property=\"og:url\" content=\"https:\/\/hempex.pl\/en\/o-nas\/\" \/>\n<meta property=\"og:site_name\" content=\"Hemp Investment\" \/>\n<meta property=\"article:modified_time\" content=\"2021-12-02T00:26:23+00:00\" \/>\n<meta property=\"og:image\" content=\"https:\/\/hempex.pl\/wp-content\/uploads\/2021\/10\/pole-1024x1024.jpg\" \/>\n<meta name=\"twitter:card\" content=\"summary_large_image\" \/>\n<meta name=\"twitter:label1\" content=\"Est. reading time\" \/>\n\t<meta name=\"twitter:data1\" content=\"2 minutes\" \/>\n<script type=\"application\/ld+json\" class=\"yoast-schema-graph\">{\"@context\":\"https:\/\/schema.org\",\"@graph\":[{\"@type\":\"WebSite\",\"@id\":\"https:\/\/hempex.pl\/#website\",\"url\":\"https:\/\/hempex.pl\/\",\"name\":\"Hemp Investment\",\"description\":\"Hurtownia konopna\",\"potentialAction\":[{\"@type\":\"SearchAction\",\"target\":{\"@type\":\"EntryPoint\",\"urlTemplate\":\"https:\/\/hempex.pl\/?s={search_term_string}\"},\"query-input\":\"required name=search_term_string\"}],\"inLanguage\":\"en-US\"},{\"@type\":\"ImageObject\",\"@id\":\"https:\/\/hempex.pl\/o-nas\/#primaryimage\",\"inLanguage\":\"en-US\",\"url\":\"https:\/\/hempex.pl\/wp-content\/uploads\/2021\/10\/pole.jpg\",\"contentUrl\":\"https:\/\/hempex.pl\/wp-content\/uploads\/2021\/10\/pole.jpg\",\"width\":1024,\"height\":1024},{\"@type\":\"WebPage\",\"@id\":\"https:\/\/hempex.pl\/o-nas\/#webpage\",\"url\":\"https:\/\/hempex.pl\/o-nas\/\",\"name\":\"O firmie - Hemp Investment - Do\\u0142\\u0105cz do zielonej rewolucji!\",\"isPartOf\":{\"@id\":\"https:\/\/hempex.pl\/#website\"},\"primaryImageOfPage\":{\"@id\":\"https:\/\/hempex.pl\/o-nas\/#primaryimage\"},\"datePublished\":\"2020-01-17T15:26:04+00:00\",\"dateModified\":\"2021-12-02T00:26:23+00:00\",\"description\":\"Hurtownia produkt\\u00f3w konopnych i akcesori\\u00f3w papiero\\u015bniczych. Rozwijamy marki na rynku w Polsce i za granic\\u0105. Masz pomys\\u0142? Zg\\u0142o\\u015b si\\u0119 do nas!\",\"breadcrumb\":{\"@id\":\"https:\/\/hempex.pl\/o-nas\/#breadcrumb\"},\"inLanguage\":\"en-US\",\"potentialAction\":[{\"@type\":\"ReadAction\",\"target\":[\"https:\/\/hempex.pl\/o-nas\/\"]}]},{\"@type\":\"BreadcrumbList\",\"@id\":\"https:\/\/hempex.pl\/o-nas\/#breadcrumb\",\"itemListElement\":[{\"@type\":\"ListItem\",\"position\":1,\"name\":\"Strona g\\u0142\\u00f3wna\",\"item\":\"https:\/\/hempex.pl\/\"},{\"@type\":\"ListItem\",\"position\":2,\"name\":\"O nas\"}]}]}<\/script>\n<!-- \/ Yoast SEO plugin. -->","yoast_head_json":{"title":"O firmie - Hemp Investment - Do\u0142\u0105cz do zielonej rewolucji!","description":"Hurtownia produkt\u00f3w konopnych i akcesori\u00f3w papiero\u015bniczych. Rozwijamy marki na rynku w Polsce i za granic\u0105. Masz pomys\u0142? Zg\u0142o\u015b si\u0119 do nas!","robots":{"index":"index","follow":"follow","max-snippet":"max-snippet:-1","max-image-preview":"max-image-preview:large","max-video-preview":"max-video-preview:-1"},"canonical":"https:\/\/hempex.pl\/en\/o-nas\/","og_locale":"en_US","og_type":"article","og_title":"O firmie - Hemp Investment - Do\u0142\u0105cz do zielonej rewolucji!","og_description":"Hurtownia produkt\u00f3w konopnych i akcesori\u00f3w papiero\u015bniczych. Rozwijamy marki na rynku w Polsce i za granic\u0105. Masz pomys\u0142? Zg\u0142o\u015b si\u0119 do nas!","og_url":"https:\/\/hempex.pl\/en\/o-nas\/","og_site_name":"Hemp Investment","article_modified_time":"2021-12-02T00:26:23+00:00","og_image":[{"url":"https:\/\/hempex.pl\/wp-content\/uploads\/2021\/10\/pole-1024x1024.jpg"}],"twitter_card":"summary_large_image","twitter_misc":{"Est. reading time":"2 minutes"},"schema":{"@context":"https:\/\/schema.org","@graph":[{"@type":"WebSite","@id":"https:\/\/hempex.pl\/#website","url":"https:\/\/hempex.pl\/","name":"Hemp Investment","description":"Hurtownia konopna","potentialAction":[{"@type":"SearchAction","target":{"@type":"EntryPoint","urlTemplate":"https:\/\/hempex.pl\/?s={search_term_string}"},"query-input":"required name=search_term_string"}],"inLanguage":"en-US"},{"@type":"ImageObject","@id":"https:\/\/hempex.pl\/o-nas\/#primaryimage","inLanguage":"en-US","url":"https:\/\/hempex.pl\/wp-content\/uploads\/2021\/10\/pole.jpg","contentUrl":"https:\/\/hempex.pl\/wp-content\/uploads\/2021\/10\/pole.jpg","width":1024,"height":1024},{"@type":"WebPage","@id":"https:\/\/hempex.pl\/o-nas\/#webpage","url":"https:\/\/hempex.pl\/o-nas\/","name":"O firmie - Hemp Investment - Do\u0142\u0105cz do zielonej rewolucji!","isPartOf":{"@id":"https:\/\/hempex.pl\/#website"},"primaryImageOfPage":{"@id":"https:\/\/hempex.pl\/o-nas\/#primaryimage"},"datePublished":"2020-01-17T15:26:04+00:00","dateModified":"2021-12-02T00:26:23+00:00","description":"Hurtownia produkt\u00f3w konopnych i akcesori\u00f3w papiero\u015bniczych. Rozwijamy marki na rynku w Polsce i za granic\u0105. Masz pomys\u0142? Zg\u0142o\u015b si\u0119 do nas!","breadcrumb":{"@id":"https:\/\/hempex.pl\/o-nas\/#breadcrumb"},"inLanguage":"en-US","potentialAction":[{"@type":"ReadAction","target":["https:\/\/hempex.pl\/o-nas\/"]}]},{"@type":"BreadcrumbList","@id":"https:\/\/hempex.pl\/o-nas\/#breadcrumb","itemListElement":[{"@type":"ListItem","position":1,"name":"Strona g\u0142\u00f3wna","item":"https:\/\/hempex.pl\/"},{"@type":"ListItem","position":2,"name":"O nas"}]}]}},"_links":{"self":[{"href":"https:\/\/hempex.pl\/en\/wp-json\/wp\/v2\/pages\/28"}],"collection":[{"href":"https:\/\/hempex.pl\/en\/wp-json\/wp\/v2\/pages"}],"about":[{"href":"https:\/\/hempex.pl\/en\/wp-json\/wp\/v2\/types\/page"}],"author":[{"embeddable":true,"href":"https:\/\/hempex.pl\/en\/wp-json\/wp\/v2\/users\/1"}],"replies":[{"embeddable":true,"href":"https:\/\/hempex.pl\/en\/wp-json\/wp\/v2\/comments?post=28"}],"version-history":[{"count":24,"href":"https:\/\/hempex.pl\/en\/wp-json\/wp\/v2\/pages\/28\/revisions"}],"predecessor-version":[{"id":272,"href":"https:\/\/hempex.pl\/en\/wp-json\/wp\/v2\/pages\/28\/revisions\/272"}],"wp:attachment":[{"href":"https:\/\/hempex.pl\/en\/wp-json\/wp\/v2\/media?parent=28"}],"curies":[{"name":"wp","href":"https:\/\/api.w.org\/{rel}","templated":true}]}}