{"id":164,"date":"2021-10-29T16:00:54","date_gmt":"2021-10-29T16:00:54","guid":{"rendered":"https:\/\/hempex.pl\/?page_id=164"},"modified":"2021-10-29T16:01:01","modified_gmt":"2021-10-29T16:01:01","slug":"turystyka","status":"publish","type":"page","link":"https:\/\/hempex.pl\/en\/uslugi\/turystyka\/","title":{"rendered":"Tourism"},"content":{"rendered":"<div data-elementor-type=\"wp-page\" data-elementor-id=\"164\" class=\"elementor elementor-164\" data-elementor-settings=\"[]\">\n\t\t\t\t\t\t<div class=\"elementor-inner\">\n\t\t\t\t\t\t\t<div class=\"elementor-section-wrap\">\n\t\t\t\t\t\t\t<section class=\"elementor-section elementor-top-section elementor-element elementor-element-d58ea62 elementor-section-boxed elementor-section-height-default elementor-section-height-default\" data-id=\"d58ea62\" data-element_type=\"section\">\n\t\t\t\t\t\t<div class=\"elementor-container elementor-column-gap-default\">\n\t\t\t\t\t\t\t<div class=\"elementor-row\">\n\t\t\t\t\t<div class=\"elementor-column elementor-col-50 elementor-top-column elementor-element elementor-element-978314f\" data-id=\"978314f\" data-element_type=\"column\">\n\t\t\t<div class=\"elementor-column-wrap elementor-element-populated\">\n\t\t\t\t\t\t\t<div class=\"elementor-widget-wrap\">\n\t\t\t\t\t\t<div class=\"elementor-element elementor-element-fe4411c elementor-widget elementor-widget-heading\" data-id=\"fe4411c\" data-element_type=\"widget\" data-widget_type=\"heading.default\">\n\t\t\t\t<div class=\"elementor-widget-container\">\n\t\t\t<h1 class=\"elementor-heading-title elementor-size-default\">About<\/h1>\t\t<\/div>\n\t\t\t\t<\/div>\n\t\t\t\t\t\t<\/div>\n\t\t\t\t\t<\/div>\n\t\t<\/div>\n\t\t\t\t<div class=\"elementor-column elementor-col-50 elementor-top-column elementor-element elementor-element-794c29e\" data-id=\"794c29e\" data-element_type=\"column\">\n\t\t\t<div class=\"elementor-column-wrap\">\n\t\t\t\t\t\t\t<div class=\"elementor-widget-wrap\">\n\t\t\t\t\t\t\t\t<\/div>\n\t\t\t\t\t<\/div>\n\t\t<\/div>\n\t\t\t\t\t\t\t\t<\/div>\n\t\t\t\t\t<\/div>\n\t\t<\/section>\n\t\t\t\t<section class=\"elementor-section elementor-top-section elementor-element elementor-element-4289a2a elementor-section-boxed elementor-section-height-default elementor-section-height-default\" data-id=\"4289a2a\" data-element_type=\"section\" data-settings=\"{&quot;background_background&quot;:&quot;classic&quot;}\">\n\t\t\t\t\t\t<div class=\"elementor-container elementor-column-gap-default\">\n\t\t\t\t\t\t\t<div class=\"elementor-row\">\n\t\t\t\t\t<div class=\"elementor-column elementor-col-50 elementor-top-column elementor-element elementor-element-180b719\" data-id=\"180b719\" data-element_type=\"column\">\n\t\t\t<div class=\"elementor-column-wrap elementor-element-populated\">\n\t\t\t\t\t\t\t<div class=\"elementor-widget-wrap\">\n\t\t\t\t\t\t<div class=\"elementor-element elementor-element-9c76e5e elementor-widget elementor-widget-image\" data-id=\"9c76e5e\" data-element_type=\"widget\" data-widget_type=\"image.default\">\n\t\t\t\t<div class=\"elementor-widget-container\">\n\t\t\t\t\t\t\t\t<div class=\"elementor-image\">\n\t\t\t\t\t\t\t\t\t\t\t\t<img width=\"600\" height=\"600\" src=\"https:\/\/hempex.pl\/wp-content\/uploads\/2020\/05\/Projekt-bez-tytu\u0142u-3.png\" class=\"attachment-large size-large\" alt=\"\" loading=\"lazy\" srcset=\"https:\/\/hempex.pl\/wp-content\/uploads\/2020\/05\/Projekt-bez-tytu\u0142u-3.png 600w, https:\/\/hempex.pl\/wp-content\/uploads\/2020\/05\/Projekt-bez-tytu\u0142u-3-300x300.png 300w, https:\/\/hempex.pl\/wp-content\/uploads\/2020\/05\/Projekt-bez-tytu\u0142u-3-150x150.png 150w\" sizes=\"(max-width: 600px) 100vw, 600px\" \/>\t\t\t\t\t\t\t\t\t\t\t\t\t\t<\/div>\n\t\t\t\t\t\t<\/div>\n\t\t\t\t<\/div>\n\t\t\t\t\t\t<\/div>\n\t\t\t\t\t<\/div>\n\t\t<\/div>\n\t\t\t\t<div class=\"elementor-column elementor-col-50 elementor-top-column elementor-element elementor-element-b10cbf9\" data-id=\"b10cbf9\" data-element_type=\"column\">\n\t\t\t<div class=\"elementor-column-wrap elementor-element-populated\">\n\t\t\t\t\t\t\t<div class=\"elementor-widget-wrap\">\n\t\t\t\t\t\t<div class=\"elementor-element elementor-element-291533d elementor-widget elementor-widget-heading\" data-id=\"291533d\" data-element_type=\"widget\" data-widget_type=\"heading.default\">\n\t\t\t\t<div class=\"elementor-widget-container\">\n\t\t\t<h2 class=\"elementor-heading-title elementor-size-default\">Values<\/h2>\t\t<\/div>\n\t\t\t\t<\/div>\n\t\t\t\t<div class=\"elementor-element elementor-element-e479d2f elementor-widget elementor-widget-text-editor\" data-id=\"e479d2f\" data-element_type=\"widget\" data-widget_type=\"text-editor.default\">\n\t\t\t\t<div class=\"elementor-widget-container\">\n\t\t\t\t\t\t\t\t<div class=\"elementor-text-editor elementor-clearfix\">\n\t\t\t\t<p><b>Hemp Investment<\/b> <span style=\"font-weight: normal;\">is a group specializing in the establishment and management of hemp plantations and the processing industry, wholesale and retail sales and research and development - in short: we love and deal with hemp to the full extent!&nbsp;<\/span>Jeste\u015bmy zaanga\u017cowani w promowanie rewolucji przemys\u0142owej obejmuj\u0105cej ca\u0142y \u0142a\u0144cuch dostaw konopi przemys\u0142owych.<\/p><p><span style=\"font-weight: normal;\">W<\/span> <b>HEMP INVESTMENT<\/b> <span style=\"font-weight: normal;\">we carry out activities in a wide range of ecology, based on the cultivation of hemp. It is a plant with unlimited application possibilities, covering <a href=\"http:\/\/m.in\"><span style=\"color: #dca10d;\">f.e.<\/span><\/a>bio pharmaceuticals, textile fibers, composite materials and many, many more!<br><\/span><span style=\"font-weight: normal;\">The company adopts a long-term approach to strategic decision making. We believe in responsible environmental management.<\/span><\/p>\n<p><span style=\"font-weight: normal;\">Our mission is to create a vision of living in harmony with nature, based on mutual respect.<\/span><\/p>\t\t\t\t\t<\/div>\n\t\t\t\t\t\t<\/div>\n\t\t\t\t<\/div>\n\t\t\t\t<div class=\"elementor-element elementor-element-5e04df4 elementor-widget elementor-widget-text-editor\" data-id=\"5e04df4\" data-element_type=\"widget\" data-widget_type=\"text-editor.default\">\n\t\t\t\t<div class=\"elementor-widget-container\">\n\t\t\t\t\t\t\t\t<div class=\"elementor-text-editor elementor-clearfix\">\n\t\t\t\t\t\t\t\t\t<\/div>\n\t\t\t\t\t\t<\/div>\n\t\t\t\t<\/div>\n\t\t\t\t\t\t<\/div>\n\t\t\t\t\t<\/div>\n\t\t<\/div>\n\t\t\t\t\t\t\t\t<\/div>\n\t\t\t\t\t<\/div>\n\t\t<\/section>\n\t\t\t\t<section class=\"elementor-section elementor-top-section elementor-element elementor-element-3ba47cd elementor-section-boxed elementor-section-height-default elementor-section-height-default\" data-id=\"3ba47cd\" data-element_type=\"section\" data-settings=\"{&quot;background_background&quot;:&quot;classic&quot;}\">\n\t\t\t\t\t\t<div class=\"elementor-container elementor-column-gap-default\">\n\t\t\t\t\t\t\t<div class=\"elementor-row\">\n\t\t\t\t\t<div class=\"elementor-column elementor-col-50 elementor-top-column elementor-element elementor-element-1d6aef9\" data-id=\"1d6aef9\" data-element_type=\"column\">\n\t\t\t<div class=\"elementor-column-wrap elementor-element-populated\">\n\t\t\t\t\t\t\t<div class=\"elementor-widget-wrap\">\n\t\t\t\t\t\t<div class=\"elementor-element elementor-element-6a6214e elementor-widget elementor-widget-heading\" data-id=\"6a6214e\" data-element_type=\"widget\" data-widget_type=\"heading.default\">\n\t\t\t\t<div class=\"elementor-widget-container\">\n\t\t\t<h3 class=\"elementor-heading-title elementor-size-default\">How are we different?<\/h3>\t\t<\/div>\n\t\t\t\t<\/div>\n\t\t\t\t<div class=\"elementor-element elementor-element-5a86f5a elementor-widget elementor-widget-text-editor\" data-id=\"5a86f5a\" data-element_type=\"widget\" data-widget_type=\"text-editor.default\">\n\t\t\t\t<div class=\"elementor-widget-container\">\n\t\t\t\t\t\t\t\t<div class=\"elementor-text-editor elementor-clearfix\">\n\t\t\t\t<p>Hemp Investment as a trading company was established in 1996. The continuation of the family tradition confirmed our belief that values such as family, tradition and respect for the world around us constitute the basis of a harmonious world and build the foundations of our actions.<\/p>\t\t\t\t\t<\/div>\n\t\t\t\t\t\t<\/div>\n\t\t\t\t<\/div>\n\t\t\t\t<div class=\"elementor-element elementor-element-7bf2068 elementor-mobile-align-justify elementor-widget elementor-widget-button\" data-id=\"7bf2068\" data-element_type=\"widget\" data-widget_type=\"button.default\">\n\t\t\t\t<div class=\"elementor-widget-container\">\n\t\t\t\t\t<div class=\"elementor-button-wrapper\">\n\t\t\t<a href=\"https:\/\/hempex.pl\/en\/kontakt\/\" class=\"elementor-button-link elementor-button elementor-size-md\" role=\"button\">\n\t\t\t\t\t\t<span class=\"elementor-button-content-wrapper\">\n\t\t\t\t\t\t<span class=\"elementor-button-text\">Contact<\/span>\n\t\t<\/span>\n\t\t\t\t\t<\/a>\n\t\t<\/div>\n\t\t\t\t<\/div>\n\t\t\t\t<\/div>\n\t\t\t\t\t\t<\/div>\n\t\t\t\t\t<\/div>\n\t\t<\/div>\n\t\t\t\t<div class=\"elementor-column elementor-col-50 elementor-top-column elementor-element elementor-element-0666b8c\" data-id=\"0666b8c\" data-element_type=\"column\">\n\t\t\t<div class=\"elementor-column-wrap elementor-element-populated\">\n\t\t\t\t\t\t\t<div class=\"elementor-widget-wrap\">\n\t\t\t\t\t\t<div class=\"elementor-element elementor-element-8c20997 elementor-widget elementor-widget-image\" data-id=\"8c20997\" data-element_type=\"widget\" data-widget_type=\"image.default\">\n\t\t\t\t<div class=\"elementor-widget-container\">\n\t\t\t\t\t\t\t\t<div class=\"elementor-image\">\n\t\t\t\t\t\t\t\t\t\t\t\t<img width=\"1024\" height=\"511\" src=\"https:\/\/hempex.pl\/wp-content\/uploads\/2020\/05\/pole.jpg\" class=\"attachment-large size-large\" alt=\"\" loading=\"lazy\" \/>\t\t\t\t\t\t\t\t\t\t\t\t\t\t<\/div>\n\t\t\t\t\t\t<\/div>\n\t\t\t\t<\/div>\n\t\t\t\t\t\t<\/div>\n\t\t\t\t\t<\/div>\n\t\t<\/div>\n\t\t\t\t\t\t\t\t<\/div>\n\t\t\t\t\t<\/div>\n\t\t<\/section>\n\t\t\t\t<section class=\"elementor-section elementor-top-section elementor-element elementor-element-834445e elementor-section-boxed elementor-section-height-default elementor-section-height-default\" data-id=\"834445e\" data-element_type=\"section\">\n\t\t\t\t\t\t<div class=\"elementor-container elementor-column-gap-default\">\n\t\t\t\t\t\t\t<div class=\"elementor-row\">\n\t\t\t\t\t<div class=\"elementor-column elementor-col-33 elementor-top-column elementor-element elementor-element-b6760f2\" data-id=\"b6760f2\" data-element_type=\"column\">\n\t\t\t<div class=\"elementor-column-wrap elementor-element-populated\">\n\t\t\t\t\t\t\t<div class=\"elementor-widget-wrap\">\n\t\t\t\t\t\t<div class=\"elementor-element elementor-element-85a8e33 elementor-position-left elementor-view-default elementor-vertical-align-top elementor-widget elementor-widget-icon-box\" data-id=\"85a8e33\" data-element_type=\"widget\" data-widget_type=\"icon-box.default\">\n\t\t\t\t<div class=\"elementor-widget-container\">\n\t\t\t\t\t<div class=\"elementor-icon-box-wrapper\">\n\t\t\t\t\t\t<div class=\"elementor-icon-box-icon\">\n\t\t\t\t<span class=\"elementor-icon elementor-animation-\" >\n\t\t\t\t<i aria-hidden=\"true\" class=\"fas fa-check\"><\/i>\t\t\t\t<\/span>\n\t\t\t<\/div>\n\t\t\t\t\t\t<div class=\"elementor-icon-box-content\">\n\t\t\t\t<h3 class=\"elementor-icon-box-title\">\n\t\t\t\t\t<span  >\n\t\t\t\t\t\tEcology\t\t\t\t\t<\/span>\n\t\t\t\t<\/h3>\n\t\t\t\t\t\t\t\t\t<p class=\"elementor-icon-box-description\">\n\t\t\t\t\t\tWe make sure that all our actions are taken in harmony with nature.\t\t\t\t\t<\/p>\n\t\t\t\t\t\t\t<\/div>\n\t\t<\/div>\n\t\t\t\t<\/div>\n\t\t\t\t<\/div>\n\t\t\t\t\t\t<\/div>\n\t\t\t\t\t<\/div>\n\t\t<\/div>\n\t\t\t\t<div class=\"elementor-column elementor-col-33 elementor-top-column elementor-element elementor-element-65d464a\" data-id=\"65d464a\" data-element_type=\"column\">\n\t\t\t<div class=\"elementor-column-wrap elementor-element-populated\">\n\t\t\t\t\t\t\t<div class=\"elementor-widget-wrap\">\n\t\t\t\t\t\t<div class=\"elementor-element elementor-element-e919e41 elementor-position-left elementor-view-default elementor-vertical-align-top elementor-widget elementor-widget-icon-box\" data-id=\"e919e41\" data-element_type=\"widget\" data-widget_type=\"icon-box.default\">\n\t\t\t\t<div class=\"elementor-widget-container\">\n\t\t\t\t\t<div class=\"elementor-icon-box-wrapper\">\n\t\t\t\t\t\t<div class=\"elementor-icon-box-icon\">\n\t\t\t\t<span class=\"elementor-icon elementor-animation-\" >\n\t\t\t\t<i aria-hidden=\"true\" class=\"fas fa-check\"><\/i>\t\t\t\t<\/span>\n\t\t\t<\/div>\n\t\t\t\t\t\t<div class=\"elementor-icon-box-content\">\n\t\t\t\t<h3 class=\"elementor-icon-box-title\">\n\t\t\t\t\t<span  >\n\t\t\t\t\t\tRespect\t\t\t\t\t<\/span>\n\t\t\t\t<\/h3>\n\t\t\t\t\t\t\t\t\t<p class=\"elementor-icon-box-description\">\n\t\t\t\t\t\tAt Hemp Investment, we create a team based on respect and trust. We are proud to call ourselves family.\t\t\t\t\t<\/p>\n\t\t\t\t\t\t\t<\/div>\n\t\t<\/div>\n\t\t\t\t<\/div>\n\t\t\t\t<\/div>\n\t\t\t\t\t\t<\/div>\n\t\t\t\t\t<\/div>\n\t\t<\/div>\n\t\t\t\t<div class=\"elementor-column elementor-col-33 elementor-top-column elementor-element elementor-element-fc1d2b8\" data-id=\"fc1d2b8\" data-element_type=\"column\">\n\t\t\t<div class=\"elementor-column-wrap elementor-element-populated\">\n\t\t\t\t\t\t\t<div class=\"elementor-widget-wrap\">\n\t\t\t\t\t\t<div class=\"elementor-element elementor-element-cda6012 elementor-position-left elementor-view-default elementor-vertical-align-top elementor-widget elementor-widget-icon-box\" data-id=\"cda6012\" data-element_type=\"widget\" data-widget_type=\"icon-box.default\">\n\t\t\t\t<div class=\"elementor-widget-container\">\n\t\t\t\t\t<div class=\"elementor-icon-box-wrapper\">\n\t\t\t\t\t\t<div class=\"elementor-icon-box-icon\">\n\t\t\t\t<span class=\"elementor-icon elementor-animation-\" >\n\t\t\t\t<i aria-hidden=\"true\" class=\"fas fa-check\"><\/i>\t\t\t\t<\/span>\n\t\t\t<\/div>\n\t\t\t\t\t\t<div class=\"elementor-icon-box-content\">\n\t\t\t\t<h3 class=\"elementor-icon-box-title\">\n\t\t\t\t\t<span  >\n\t\t\t\t\t\tTradition\t\t\t\t\t<\/span>\n\t\t\t\t<\/h3>\n\t\t\t\t\t\t\t\t\t<p class=\"elementor-icon-box-description\">\n\t\t\t\t\t\tWe care about history and the older generation. It is a source of knowledge and life values for us.\t\t\t\t\t<\/p>\n\t\t\t\t\t\t\t<\/div>\n\t\t<\/div>\n\t\t\t\t<\/div>\n\t\t\t\t<\/div>\n\t\t\t\t\t\t<\/div>\n\t\t\t\t\t<\/div>\n\t\t<\/div>\n\t\t\t\t\t\t\t\t<\/div>\n\t\t\t\t\t<\/div>\n\t\t<\/section>\n\t\t\t\t<section class=\"elementor-section elementor-top-section elementor-element elementor-element-b1508fd elementor-section-boxed elementor-section-height-default elementor-section-height-default\" data-id=\"b1508fd\" data-element_type=\"section\">\n\t\t\t\t\t\t<div class=\"elementor-container elementor-column-gap-default\">\n\t\t\t\t\t\t\t<div class=\"elementor-row\">\n\t\t\t\t\t<div class=\"elementor-column elementor-col-100 elementor-top-column elementor-element elementor-element-501d4d7\" data-id=\"501d4d7\" data-element_type=\"column\">\n\t\t\t<div class=\"elementor-column-wrap elementor-element-populated\">\n\t\t\t\t\t\t\t<div class=\"elementor-widget-wrap\">\n\t\t\t\t\t\t<div class=\"elementor-element elementor-element-aba1ab9 elementor-widget elementor-widget-text-editor\" data-id=\"aba1ab9\" data-element_type=\"widget\" data-widget_type=\"text-editor.default\">\n\t\t\t\t<div class=\"elementor-widget-container\">\n\t\t\t\t\t\t\t\t<div class=\"elementor-text-editor elementor-clearfix\">\n\t\t\t\t<p style=\"text-align: start;\"><span style=\"font-size: 14.399999618530273px; text-align: center; white-space: pre-wrap;\">Company details:<\/span><\/p><p style=\"text-align: start;\"><strong><span style=\"font-size: 14.399999618530273px; text-align: center; white-space: pre-wrap;\">Hemp Investment Sp. z o.o.<\/span><\/strong><\/p><p><span style=\"font-size: 14.399999618530273px; text-align: center; white-space: pre-wrap;\">Towarowa 20b, 10-417 Olsztyn<\/span><br style=\"font-size: 14.399999618530273px; text-align: center; white-space: pre-wrap;\" \/><span style=\"font-size: 14.399999618530273px; text-align: center; white-space: pre-wrap;\">NIP: 952-121-25-20<\/span><br style=\"font-size: 14.399999618530273px; text-align: center; white-space: pre-wrap;\" \/><span style=\"font-size: 14.399999618530273px; text-align: center; white-space: pre-wrap;\">REGON 012206206<\/span><\/p><p><span style=\"font-size: 14.399999618530273px; text-align: center; white-space: pre-wrap;\">Share capital: 100 tys. z\u0142<\/span><\/p>\t\t\t\t\t<\/div>\n\t\t\t\t\t\t<\/div>\n\t\t\t\t<\/div>\n\t\t\t\t\t\t<\/div>\n\t\t\t\t\t<\/div>\n\t\t<\/div>\n\t\t\t\t\t\t\t\t<\/div>\n\t\t\t\t\t<\/div>\n\t\t<\/section>\n\t\t\t\t\t\t<\/div>\n\t\t\t\t\t\t<\/div>\n\t\t\t\t\t<\/div>","protected":false},"excerpt":{"rendered":"<p>O nas Warto\u015bci Hemp Investment to grupa rolno-przemys\u0142owa specjalizuj\u0105ca si\u0119 w zak\u0142adaniu i zarz\u0105dzaniu plantacjami konopi oraz przemys\u0142em przetw\u00f3rczym, sprzeda\u017c\u0105 hurtowo-detaliczn\u0105 i prowadzeniem prac badawczo rozwojowych &#8211; w skr\u00f3cie: kochamy i zajmujemy si\u0119 konopiami w pe\u0142nym zakresie!&nbsp;Jeste\u015bmy zaanga\u017cowani w promowanie rewolucji przemys\u0142owej obejmuj\u0105cej ca\u0142y \u0142a\u0144cuch dostaw konopi przemys\u0142owych. W HEMP INVESTMENT prowadzimy dzia\u0142ania z szerokiego&hellip;&nbsp;<a href=\"https:\/\/hempex.pl\/en\/uslugi\/turystyka\/\" class=\"\" rel=\"bookmark\">Read More &raquo;<span class=\"screen-reader-text\">Tourism<\/span><\/a><\/p>","protected":false},"author":1,"featured_media":0,"parent":117,"menu_order":0,"comment_status":"closed","ping_status":"closed","template":"elementor_header_footer","meta":[],"yoast_head":"<!-- This site is optimized with the Yoast SEO plugin v17.7.1 - https:\/\/yoast.com\/wordpress\/plugins\/seo\/ -->\n<title>Turystyka - Hemp Investment<\/title>\n<meta name=\"robots\" content=\"index, follow, max-snippet:-1, max-image-preview:large, max-video-preview:-1\" \/>\n<link rel=\"canonical\" href=\"https:\/\/hempex.pl\/en\/uslugi\/turystyka\/\" \/>\n<meta property=\"og:locale\" content=\"en_US\" \/>\n<meta property=\"og:type\" content=\"article\" \/>\n<meta property=\"og:title\" content=\"Turystyka - Hemp Investment\" \/>\n<meta property=\"og:description\" content=\"O nas Warto\u015bci Hemp Investment to grupa rolno-przemys\u0142owa specjalizuj\u0105ca si\u0119 w zak\u0142adaniu i zarz\u0105dzaniu plantacjami konopi oraz przemys\u0142em przetw\u00f3rczym, sprzeda\u017c\u0105 hurtowo-detaliczn\u0105 i prowadzeniem prac badawczo rozwojowych &#8211; w skr\u00f3cie: kochamy i zajmujemy si\u0119 konopiami w pe\u0142nym zakresie!&nbsp;Jeste\u015bmy zaanga\u017cowani w promowanie rewolucji przemys\u0142owej obejmuj\u0105cej ca\u0142y \u0142a\u0144cuch dostaw konopi przemys\u0142owych. W HEMP INVESTMENT prowadzimy dzia\u0142ania z szerokiego&hellip;&nbsp;Read More &raquo;Turystyka\" \/>\n<meta property=\"og:url\" content=\"https:\/\/hempex.pl\/en\/uslugi\/turystyka\/\" \/>\n<meta property=\"og:site_name\" content=\"Hemp Investment\" \/>\n<meta property=\"article:modified_time\" content=\"2021-10-29T16:01:01+00:00\" \/>\n<meta property=\"og:image\" content=\"https:\/\/hempex.pl\/wp-content\/uploads\/2020\/05\/Projekt-bez-tytu\u0142u-3.png\" \/>\n<meta name=\"twitter:card\" content=\"summary_large_image\" \/>\n<meta name=\"twitter:label1\" content=\"Est. reading time\" \/>\n\t<meta name=\"twitter:data1\" content=\"1 minute\" \/>\n<script type=\"application\/ld+json\" class=\"yoast-schema-graph\">{\"@context\":\"https:\/\/schema.org\",\"@graph\":[{\"@type\":\"WebSite\",\"@id\":\"https:\/\/hempex.pl\/#website\",\"url\":\"https:\/\/hempex.pl\/\",\"name\":\"Hemp Investment\",\"description\":\"Hurtownia konopna\",\"potentialAction\":[{\"@type\":\"SearchAction\",\"target\":{\"@type\":\"EntryPoint\",\"urlTemplate\":\"https:\/\/hempex.pl\/?s={search_term_string}\"},\"query-input\":\"required name=search_term_string\"}],\"inLanguage\":\"en-US\"},{\"@type\":\"ImageObject\",\"@id\":\"https:\/\/hempex.pl\/uslugi\/turystyka\/#primaryimage\",\"inLanguage\":\"en-US\",\"url\":\"https:\/\/hempex.pl\/wp-content\/uploads\/2020\/05\/Projekt-bez-tytu\\u0142u-3.png\",\"contentUrl\":\"https:\/\/hempex.pl\/wp-content\/uploads\/2020\/05\/Projekt-bez-tytu\\u0142u-3.png\",\"width\":600,\"height\":600},{\"@type\":\"WebPage\",\"@id\":\"https:\/\/hempex.pl\/uslugi\/turystyka\/#webpage\",\"url\":\"https:\/\/hempex.pl\/uslugi\/turystyka\/\",\"name\":\"Turystyka - Hemp Investment\",\"isPartOf\":{\"@id\":\"https:\/\/hempex.pl\/#website\"},\"primaryImageOfPage\":{\"@id\":\"https:\/\/hempex.pl\/uslugi\/turystyka\/#primaryimage\"},\"datePublished\":\"2021-10-29T16:00:54+00:00\",\"dateModified\":\"2021-10-29T16:01:01+00:00\",\"breadcrumb\":{\"@id\":\"https:\/\/hempex.pl\/uslugi\/turystyka\/#breadcrumb\"},\"inLanguage\":\"en-US\",\"potentialAction\":[{\"@type\":\"ReadAction\",\"target\":[\"https:\/\/hempex.pl\/uslugi\/turystyka\/\"]}]},{\"@type\":\"BreadcrumbList\",\"@id\":\"https:\/\/hempex.pl\/uslugi\/turystyka\/#breadcrumb\",\"itemListElement\":[{\"@type\":\"ListItem\",\"position\":1,\"name\":\"Strona g\\u0142\\u00f3wna\",\"item\":\"https:\/\/hempex.pl\/\"},{\"@type\":\"ListItem\",\"position\":2,\"name\":\"Prywatne: Us\\u0142ugi\",\"item\":\"https:\/\/hempex.pl\/uslugi\/\"},{\"@type\":\"ListItem\",\"position\":3,\"name\":\"Turystyka\"}]}]}<\/script>\n<!-- \/ Yoast SEO plugin. -->","yoast_head_json":{"title":"Turystyka - Hemp Investment","robots":{"index":"index","follow":"follow","max-snippet":"max-snippet:-1","max-image-preview":"max-image-preview:large","max-video-preview":"max-video-preview:-1"},"canonical":"https:\/\/hempex.pl\/en\/uslugi\/turystyka\/","og_locale":"en_US","og_type":"article","og_title":"Turystyka - Hemp Investment","og_description":"O nas Warto\u015bci Hemp Investment to grupa rolno-przemys\u0142owa specjalizuj\u0105ca si\u0119 w zak\u0142adaniu i zarz\u0105dzaniu plantacjami konopi oraz przemys\u0142em przetw\u00f3rczym, sprzeda\u017c\u0105 hurtowo-detaliczn\u0105 i prowadzeniem prac badawczo rozwojowych &#8211; w skr\u00f3cie: kochamy i zajmujemy si\u0119 konopiami w pe\u0142nym zakresie!&nbsp;Jeste\u015bmy zaanga\u017cowani w promowanie rewolucji przemys\u0142owej obejmuj\u0105cej ca\u0142y \u0142a\u0144cuch dostaw konopi przemys\u0142owych. W HEMP INVESTMENT prowadzimy dzia\u0142ania z szerokiego&hellip;&nbsp;Read More &raquo;Turystyka","og_url":"https:\/\/hempex.pl\/en\/uslugi\/turystyka\/","og_site_name":"Hemp Investment","article_modified_time":"2021-10-29T16:01:01+00:00","og_image":[{"url":"https:\/\/hempex.pl\/wp-content\/uploads\/2020\/05\/Projekt-bez-tytu\u0142u-3.png"}],"twitter_card":"summary_large_image","twitter_misc":{"Est. reading time":"1 minute"},"schema":{"@context":"https:\/\/schema.org","@graph":[{"@type":"WebSite","@id":"https:\/\/hempex.pl\/#website","url":"https:\/\/hempex.pl\/","name":"Hemp Investment","description":"Hurtownia konopna","potentialAction":[{"@type":"SearchAction","target":{"@type":"EntryPoint","urlTemplate":"https:\/\/hempex.pl\/?s={search_term_string}"},"query-input":"required name=search_term_string"}],"inLanguage":"en-US"},{"@type":"ImageObject","@id":"https:\/\/hempex.pl\/uslugi\/turystyka\/#primaryimage","inLanguage":"en-US","url":"https:\/\/hempex.pl\/wp-content\/uploads\/2020\/05\/Projekt-bez-tytu\u0142u-3.png","contentUrl":"https:\/\/hempex.pl\/wp-content\/uploads\/2020\/05\/Projekt-bez-tytu\u0142u-3.png","width":600,"height":600},{"@type":"WebPage","@id":"https:\/\/hempex.pl\/uslugi\/turystyka\/#webpage","url":"https:\/\/hempex.pl\/uslugi\/turystyka\/","name":"Turystyka - Hemp Investment","isPartOf":{"@id":"https:\/\/hempex.pl\/#website"},"primaryImageOfPage":{"@id":"https:\/\/hempex.pl\/uslugi\/turystyka\/#primaryimage"},"datePublished":"2021-10-29T16:00:54+00:00","dateModified":"2021-10-29T16:01:01+00:00","breadcrumb":{"@id":"https:\/\/hempex.pl\/uslugi\/turystyka\/#breadcrumb"},"inLanguage":"en-US","potentialAction":[{"@type":"ReadAction","target":["https:\/\/hempex.pl\/uslugi\/turystyka\/"]}]},{"@type":"BreadcrumbList","@id":"https:\/\/hempex.pl\/uslugi\/turystyka\/#breadcrumb","itemListElement":[{"@type":"ListItem","position":1,"name":"Strona g\u0142\u00f3wna","item":"https:\/\/hempex.pl\/"},{"@type":"ListItem","position":2,"name":"Prywatne: Us\u0142ugi","item":"https:\/\/hempex.pl\/uslugi\/"},{"@type":"ListItem","position":3,"name":"Turystyka"}]}]}},"_links":{"self":[{"href":"https:\/\/hempex.pl\/en\/wp-json\/wp\/v2\/pages\/164"}],"collection":[{"href":"https:\/\/hempex.pl\/en\/wp-json\/wp\/v2\/pages"}],"about":[{"href":"https:\/\/hempex.pl\/en\/wp-json\/wp\/v2\/types\/page"}],"author":[{"embeddable":true,"href":"https:\/\/hempex.pl\/en\/wp-json\/wp\/v2\/users\/1"}],"replies":[{"embeddable":true,"href":"https:\/\/hempex.pl\/en\/wp-json\/wp\/v2\/comments?post=164"}],"version-history":[{"count":2,"href":"https:\/\/hempex.pl\/en\/wp-json\/wp\/v2\/pages\/164\/revisions"}],"predecessor-version":[{"id":166,"href":"https:\/\/hempex.pl\/en\/wp-json\/wp\/v2\/pages\/164\/revisions\/166"}],"up":[{"embeddable":true,"href":"https:\/\/hempex.pl\/en\/wp-json\/wp\/v2\/pages\/117"}],"wp:attachment":[{"href":"https:\/\/hempex.pl\/en\/wp-json\/wp\/v2\/media?parent=164"}],"curies":[{"name":"wp","href":"https:\/\/api.w.org\/{rel}","templated":true}]}}